{"id":11939,"date":"2018-07-03T09:56:58","date_gmt":"2018-07-03T07:56:58","guid":{"rendered":"https:\/\/www.wendelborn-stiftung.de\/wp2018\/?page_id=11939"},"modified":"2018-07-03T19:15:15","modified_gmt":"2018-07-03T17:15:15","slug":"stiftungsgeschaeft","status":"publish","type":"page","link":"https:\/\/www.wendelborn-stiftung.de\/?page_id=11939","title":{"rendered":"Stiftungsgesch\u00e4ft"},"content":{"rendered":"<div class=\"fusion-fullwidth fullwidth-box fusion-builder-row-1 nonhundred-percent-fullwidth non-hundred-percent-height-scrolling\" style=\"background-color: #ffffff;background-position: center center;background-repeat: no-repeat;padding-top:0px;padding-right:0px;padding-bottom:0px;padding-left:0px;margin-bottom: 0px;margin-top: 0px;border-width: 0px 0px 0px 0px;border-color:#eae9e9;border-style:solid;\" ><div class=\"fusion-builder-row fusion-row\"><div class=\"fusion-layout-column fusion_builder_column fusion-builder-column-0 fusion_builder_column_3_5 3_5 fusion-three-fifth fusion-column-first\" style=\"width:60%;width:calc(60% - ( ( 4% ) * 0.6 ) );margin-right: 4%;margin-top:0px;margin-bottom:20px;\"><div class=\"fusion-column-wrapper fusion-flex-column-wrapper-legacy\" style=\"background-position:left top;background-repeat:no-repeat;-webkit-background-size:cover;-moz-background-size:cover;-o-background-size:cover;background-size:cover;padding: 0px 0px 0px 0px;\"><div class=\"fusion-text fusion-text-1\"><h1 style=\"text-align: center;\">Stiftungsgesch\u00e4ft vom 11.06.2006<\/h1>\n<p class=\"fliess\" style=\"text-align: center;\">Die Unterzeichnerin<\/p>\n<p class=\"fliess\" style=\"text-align: center;\">Frau Anna-Maria Wendelborn<br \/>\n\u2013 nachstehend kurz &#8222;Stifterin&#8220; genannt &#8211;<\/p>\n<p class=\"fliess\" style=\"text-align: center;\">geboren am: 12. Oktober 1924<br \/>\ngesch\u00e4ftsans\u00e4ssig: Au\u00dfenallee 1 in 23570 L\u00fcbeck &#8211; Travem\u00fcnde<\/p>\n<p class=\"fliess\" style=\"text-align: center;\">errichtet hiermit die<\/p>\n<h2 class=\"fliessfett\" style=\"text-align: center;\">Helmut und Anna-Maria Wendelborn-Stiftung<\/h2>\n<p class=\"fliessfett\" style=\"text-align: center;\"><span class=\"fliess\">als Stiftung des b\u00fcrgerlichen Rechts mit dem Sitz in L\u00fcbeck.<\/span><\/p>\n<p style=\"text-align: center;\"><span class=\"fliess\">Die Stiftung soll Rechtsf\u00e4higkeit erlangen; die nach \u00a7 80 BGB erforderliche Anerkennung wird hiermit eingeholt.<br \/>\n<\/span>Die Stifterin stattet die Stiftung mit einem Verm\u00f6gen von insgesamt<\/p>\n<div align=\"center\">\n<h2 style=\"text-align: center;\">250.000,&#8211; Euro<br \/>\n(in Worten: zweihundertf\u00fcnfzigtausend Euro)<\/h2>\n<p class=\"fliess\" style=\"text-align: center;\" align=\"left\">aus. Die Einzahlung des Stiftungskapitals erfolgt nach Wahl der Stifterin bis zum 30. Juni 2006. Weitere Zustiftungen sind insbesondere in Form der Einbringung von Grundst\u00fccken und Kunstwerken geplant, damit der Stiftung ein langfristig ausreichendes Kapital f\u00fcr ihre Zwecke zur Verf\u00fcgung steht.<\/p>\n<p class=\"fliess\" style=\"text-align: center;\" align=\"left\">Die Einzelheiten ergeben sich aus der Anlage zu \u00a7 3 Abs. 1 der Stiftungssatzung.<br \/>\nDie Stiftung soll der F\u00f6rderung der Bildung und Erziehung, der Jugendhilfe und des Sports dienen.<br \/>\nDie Stifterin gibt der Stiftung die als Anlage beigef\u00fcgte Satzung.<br \/>\nDie Einzelheiten zum Zweck der Stiftung ergeben sich aus \u00a7 2 dieser Satzung.<\/p>\n<p style=\"text-align: center;\" align=\"left\"><em><strong>L\u00fcbeck, den 11.06.2006 gez. Anna-Maria Wendelborn<\/strong><\/em><\/p>\n<p style=\"text-align: center;\" align=\"left\">\n<\/div>\n<\/div><div class=\"fusion-clearfix\"><\/div><\/div><\/div><div class=\"fusion-layout-column fusion_builder_column fusion-builder-column-1 fusion_builder_column_2_5 2_5 fusion-two-fifth fusion-column-last\" style=\"width:40%;width:calc(40% - ( ( 4% ) * 0.4 ) );margin-top:0px;margin-bottom:20px;\"><div class=\"fusion-column-wrapper fusion-flex-column-wrapper-legacy\" style=\"background-position:left top;background-repeat:no-repeat;-webkit-background-size:cover;-moz-background-size:cover;-o-background-size:cover;background-size:cover;padding: 0px 0px 0px 0px;\"><div class=\"fusion-text fusion-text-2\"><div id=\"attachment_12138\" style=\"width: 412px\" class=\"wp-caption alignnone\"><img loading=\"lazy\" decoding=\"async\" aria-describedby=\"caption-attachment-12138\" class=\"wp-image-12138 \" src=\"https:\/\/www.wendelborn-stiftung.de\/wp-content\/uploads\/2018\/07\/wborn_vhassel.jpg\" alt=\"\" width=\"402\" height=\"526\" srcset=\"https:\/\/www.wendelborn-stiftung.de\/wp-content\/uploads\/2018\/07\/wborn_vhassel-200x262.jpg 200w, https:\/\/www.wendelborn-stiftung.de\/wp-content\/uploads\/2018\/07\/wborn_vhassel-229x300.jpg 229w, https:\/\/www.wendelborn-stiftung.de\/wp-content\/uploads\/2018\/07\/wborn_vhassel.jpg 250w\" sizes=\"auto, (max-width: 402px) 100vw, 402px\" \/><p id=\"caption-attachment-12138\" class=\"wp-caption-text\">Helmut, Ernst (Gr\u00fcnder der LVG) und Werner Wendelborn (v.li.) (Foto: privat)<\/p><\/div>\n<\/div><div class=\"fusion-clearfix\"><\/div><\/div><\/div><\/div><\/div>\n","protected":false},"excerpt":{"rendered":"","protected":false},"author":1,"featured_media":0,"parent":0,"menu_order":0,"comment_status":"closed","ping_status":"closed","template":"","meta":{"footnotes":""},"class_list":["post-11939","page","type-page","status-publish","hentry"],"_links":{"self":[{"href":"https:\/\/www.wendelborn-stiftung.de\/index.php?rest_route=\/wp\/v2\/pages\/11939","targetHints":{"allow":["GET"]}}],"collection":[{"href":"https:\/\/www.wendelborn-stiftung.de\/index.php?rest_route=\/wp\/v2\/pages"}],"about":[{"href":"https:\/\/www.wendelborn-stiftung.de\/index.php?rest_route=\/wp\/v2\/types\/page"}],"author":[{"embeddable":true,"href":"https:\/\/www.wendelborn-stiftung.de\/index.php?rest_route=\/wp\/v2\/users\/1"}],"replies":[{"embeddable":true,"href":"https:\/\/www.wendelborn-stiftung.de\/index.php?rest_route=%2Fwp%2Fv2%2Fcomments&post=11939"}],"version-history":[{"count":9,"href":"https:\/\/www.wendelborn-stiftung.de\/index.php?rest_route=\/wp\/v2\/pages\/11939\/revisions"}],"predecessor-version":[{"id":12141,"href":"https:\/\/www.wendelborn-stiftung.de\/index.php?rest_route=\/wp\/v2\/pages\/11939\/revisions\/12141"}],"wp:attachment":[{"href":"https:\/\/www.wendelborn-stiftung.de\/index.php?rest_route=%2Fwp%2Fv2%2Fmedia&parent=11939"}],"curies":[{"name":"wp","href":"https:\/\/api.w.org\/{rel}","templated":true}]}}