{"id":11947,"date":"2018-07-03T09:59:05","date_gmt":"2018-07-03T07:59:05","guid":{"rendered":"https:\/\/www.wendelborn-stiftung.de\/wp2018\/?page_id=11947"},"modified":"2018-07-03T18:22:29","modified_gmt":"2018-07-03T16:22:29","slug":"anna-maria-wendelborn","status":"publish","type":"page","link":"https:\/\/www.wendelborn-stiftung.de\/?page_id=11947","title":{"rendered":"Anna-Maria Wendelborn"},"content":{"rendered":"<div class=\"fusion-fullwidth fullwidth-box fusion-builder-row-1 nonhundred-percent-fullwidth non-hundred-percent-height-scrolling\" style=\"background-color: #ffffff;background-position: center center;background-repeat: no-repeat;padding-top:0px;padding-right:0px;padding-bottom:0px;padding-left:0px;margin-bottom: 0px;margin-top: 0px;border-width: 0px 0px 0px 0px;border-color:#eae9e9;border-style:solid;\" ><div class=\"fusion-builder-row fusion-row\"><div class=\"fusion-layout-column fusion_builder_column fusion-builder-column-0 fusion_builder_column_1_1 1_1 fusion-one-full fusion-column-first fusion-column-last\" style=\"margin-top:0px;margin-bottom:20px;\"><div class=\"fusion-column-wrapper fusion-flex-column-wrapper-legacy\" style=\"background-position:left top;background-repeat:no-repeat;-webkit-background-size:cover;-moz-background-size:cover;-o-background-size:cover;background-size:cover;padding: 0px 0px 0px 0px;\"><div class=\"fusion-text fusion-text-1\"><h1>Anna-Maria Wendelborn<\/h1>\n<p>Schon an der Seite des noch jungen Helmut Wendelborn, der 31j\u00e4hrig als einer der drei j\u00fcngsten Abgeordneten f\u00fcr die CDU in den Bundestag einzog, wurde Anna-Maria Wendelborn schnell klar, was ihre allererste Aufgabe sein w\u00fcrde: Ihrem Ehemann den R\u00fccken freihalten!<\/p>\n<\/div><div class=\"fusion-clearfix\"><\/div><\/div><\/div><div class=\"fusion-layout-column fusion_builder_column fusion-builder-column-1 fusion_builder_column_1_2 1_2 fusion-one-half fusion-column-first\" style=\"width:50%;width:calc(50% - ( ( 4% ) * 0.5 ) );margin-right: 4%;margin-top:0px;margin-bottom:20px;\"><div class=\"fusion-column-wrapper fusion-flex-column-wrapper-legacy\" style=\"background-position:left top;background-repeat:no-repeat;-webkit-background-size:cover;-moz-background-size:cover;-o-background-size:cover;background-size:cover;padding: 0px 0px 0px 0px;\"><div class=\"fusion-text fusion-text-2\"><p>Dieser Aufgabe dr\u00fcckte sie ihren eigenen Stempel auf: &#8222;Wir machen das zu Hause&#8220;, pflegte sie zu sagen, wenn sich mal wieder Besuch ank\u00fcndigte und lud die G\u00e4ste zum Essen in die Wendelbornvilla an der Au\u00dfenallee ein, die sie seit 1953 mit ihrem Mann und den Schwiegereltern teilte.<\/p>\n<p>Allenfalls wurde der Koch des Hotels und Restaurants &#8222;Seetempel\/Golf-Hotel&#8220; &#8211; das Anna-Maria Wendelborn von 1960 bis 1966 f\u00fchrte &#8211; dann als Unterst\u00fctzung in die Wendelbornsche K\u00fcche gebeten.<\/p>\n<p>Es war hoher Besuch, der sein Lager vor\u00fcbergehend in der Au\u00dfenallee aufschlug, darunter Bundeskanzler Adenauer und Verteidigungsminister Franz-Josef Strau\u00df, der &#8211; so erinnert sich Anna-Maria Wendelborn, allen \u00f6ffentlichen Vorurteilen entsprach: &#8222;Trinkfest, lebhaft, direkt&#8220;.<\/p>\n<div id=\"attachment_12118\" style=\"width: 530px\" class=\"wp-caption alignnone\"><img loading=\"lazy\" decoding=\"async\" aria-describedby=\"caption-attachment-12118\" class=\" wp-image-12118\" src=\"https:\/\/www.wendelborn-stiftung.de\/wp-content\/uploads\/2018\/07\/wborn_ehrhardt_barzel.jpg\" alt=\"\" width=\"520\" height=\"363\" srcset=\"https:\/\/www.wendelborn-stiftung.de\/wp-content\/uploads\/2018\/07\/wborn_ehrhardt_barzel-200x139.jpg 200w, https:\/\/www.wendelborn-stiftung.de\/wp-content\/uploads\/2018\/07\/wborn_ehrhardt_barzel-300x209.jpg 300w, https:\/\/www.wendelborn-stiftung.de\/wp-content\/uploads\/2018\/07\/wborn_ehrhardt_barzel.jpg 350w\" sizes=\"auto, (max-width: 520px) 100vw, 520px\" \/><p id=\"caption-attachment-12118\" class=\"wp-caption-text\">Helmut Wendelborn (li) mit Wirtschaftsminister Ludwig Ehrhardt (Mi) und Rainer Barzel (Foto: privat)<\/p><\/div>\n<\/div><div class=\"fusion-clearfix\"><\/div><\/div><\/div><div class=\"fusion-layout-column fusion_builder_column fusion-builder-column-2 fusion_builder_column_1_2 1_2 fusion-one-half fusion-column-last\" style=\"width:50%;width:calc(50% - ( ( 4% ) * 0.5 ) );margin-top:0px;margin-bottom:20px;\"><div class=\"fusion-column-wrapper fusion-flex-column-wrapper-legacy\" style=\"background-position:left top;background-repeat:no-repeat;-webkit-background-size:cover;-moz-background-size:cover;-o-background-size:cover;background-size:cover;padding: 0px 0px 0px 0px;\"><div class=\"fusion-text fusion-text-3\"><div id=\"attachment_12119\" style=\"width: 530px\" class=\"wp-caption alignnone\"><img loading=\"lazy\" decoding=\"async\" aria-describedby=\"caption-attachment-12119\" class=\" wp-image-12119\" src=\"https:\/\/www.wendelborn-stiftung.de\/wp-content\/uploads\/2018\/07\/helmut_anna.jpg\" alt=\"\" width=\"520\" height=\"379\" srcset=\"https:\/\/www.wendelborn-stiftung.de\/wp-content\/uploads\/2018\/07\/helmut_anna-200x146.jpg 200w, https:\/\/www.wendelborn-stiftung.de\/wp-content\/uploads\/2018\/07\/helmut_anna-300x219.jpg 300w, https:\/\/www.wendelborn-stiftung.de\/wp-content\/uploads\/2018\/07\/helmut_anna.jpg 350w\" sizes=\"auto, (max-width: 520px) 100vw, 520px\" \/><p id=\"caption-attachment-12119\" class=\"wp-caption-text\">Anna-Maria und Helmut Wendelborn in Afrika in den 50er Jahren (Foto: privat)<\/p><\/div>\n<p>Helmut Wendelborn war ein leidenschaftlicher J\u00e4ger und Anna-Maria stand auch in dieser Hinsicht fest an seiner Seite. Wann immer es seine Zeit erlaubte, ging er ganz in der N\u00e4he &#8211; in Warnsdorf &#8211; auf die Jagd oder aber auch in Ungarn oder sogar in Ostafrika &#8211; Troph\u00e4en in der Wohnung von Anna-Maria Wendelborn zeugen davon.<\/p>\n<p>Oft erfuhren sie erst nach den Reisen, in welche Gefahr sie sich begeben hatten und was es mit diesem &#8222;Aufpasser&#8220; auf sich hatte, der mit dem Gnu-Schwanz wedelte: Der hielt ihnen die Tsetse-Fliege und damit die t\u00f6dliche Schlafkrankheit vom Leib.<\/p>\n<p>Anna-Maria Wendelborn ist dankbar f\u00fcr diese Zeit und die vielen, nicht allt\u00e4glichen Erfahrungen. Auch darin liegen ihre Beweggr\u00fcnde zur Gr\u00fcndung der Stiftung: <span class=\"fliess\">&#8222;Ich gebe damit der Gesellschaft den Teil zur\u00fcck, den ich ihr verdanke.&#8220;<\/span><\/p>\n<\/div><div class=\"fusion-clearfix\"><\/div><\/div><\/div><\/div><\/div>\n","protected":false},"excerpt":{"rendered":"","protected":false},"author":1,"featured_media":0,"parent":0,"menu_order":0,"comment_status":"closed","ping_status":"closed","template":"","meta":{"footnotes":""},"class_list":["post-11947","page","type-page","status-publish","hentry"],"_links":{"self":[{"href":"https:\/\/www.wendelborn-stiftung.de\/index.php?rest_route=\/wp\/v2\/pages\/11947","targetHints":{"allow":["GET"]}}],"collection":[{"href":"https:\/\/www.wendelborn-stiftung.de\/index.php?rest_route=\/wp\/v2\/pages"}],"about":[{"href":"https:\/\/www.wendelborn-stiftung.de\/index.php?rest_route=\/wp\/v2\/types\/page"}],"author":[{"embeddable":true,"href":"https:\/\/www.wendelborn-stiftung.de\/index.php?rest_route=\/wp\/v2\/users\/1"}],"replies":[{"embeddable":true,"href":"https:\/\/www.wendelborn-stiftung.de\/index.php?rest_route=%2Fwp%2Fv2%2Fcomments&post=11947"}],"version-history":[{"count":5,"href":"https:\/\/www.wendelborn-stiftung.de\/index.php?rest_route=\/wp\/v2\/pages\/11947\/revisions"}],"predecessor-version":[{"id":12123,"href":"https:\/\/www.wendelborn-stiftung.de\/index.php?rest_route=\/wp\/v2\/pages\/11947\/revisions\/12123"}],"wp:attachment":[{"href":"https:\/\/www.wendelborn-stiftung.de\/index.php?rest_route=%2Fwp%2Fv2%2Fmedia&parent=11947"}],"curies":[{"name":"wp","href":"https:\/\/api.w.org\/{rel}","templated":true}]}}