{"id":11949,"date":"2018-07-03T09:59:29","date_gmt":"2018-07-03T07:59:29","guid":{"rendered":"https:\/\/www.wendelborn-stiftung.de\/wp2018\/?page_id=11949"},"modified":"2024-12-11T12:45:37","modified_gmt":"2024-12-11T11:45:37","slug":"antrag","status":"publish","type":"page","link":"https:\/\/www.wendelborn-stiftung.de\/?page_id=11949","title":{"rendered":"Antrag"},"content":{"rendered":"<div class=\"fusion-fullwidth fullwidth-box fusion-builder-row-1 nonhundred-percent-fullwidth non-hundred-percent-height-scrolling\" style=\"background-color: #ffffff;background-position: center center;background-repeat: no-repeat;padding-top:0px;padding-right:0px;padding-bottom:0px;padding-left:0px;margin-bottom: 0px;margin-top: 0px;border-width: 0px 0px 0px 0px;border-color:#eae9e9;border-style:solid;\" ><div class=\"fusion-builder-row fusion-row\"><div class=\"fusion-layout-column fusion_builder_column fusion-builder-column-0 fusion_builder_column_3_5 3_5 fusion-three-fifth fusion-column-first\" style=\"width:60%;width:calc(60% - ( ( 4% ) * 0.6 ) );margin-right: 4%;margin-top:0px;margin-bottom:20px;\"><div class=\"fusion-column-wrapper fusion-flex-column-wrapper-legacy\" style=\"background-position:left top;background-repeat:no-repeat;-webkit-background-size:cover;-moz-background-size:cover;-o-background-size:cover;background-size:cover;padding: 0px 0px 0px 0px;\"><div class=\"fusion-text fusion-text-1\"><h1>Antrag stellen<\/h1>\n<p>Zweck der 2006 ins Leben gerufenen &#8222;Helmut und Anna-Maria Wendelborn-Stiftung&#8220; ist die F\u00f6rderung der Jugendhilfe, der Bildung und Erziehung sowie des Sports. Vorwiegend werden Projekte in Travem\u00fcnde finanziert. Die Wendelborn-Stiftung vergibt Spenden nur an Organisationen, die als gemeinn\u00fctzig anerkannt sind.<\/p>\n<\/div><div class=\"fusion-clearfix\"><\/div><\/div><\/div><div class=\"fusion-layout-column fusion_builder_column fusion-builder-column-1 fusion_builder_column_2_5 2_5 fusion-two-fifth fusion-column-last\" style=\"width:40%;width:calc(40% - ( ( 4% ) * 0.4 ) );margin-top:0px;margin-bottom:20px;\"><div class=\"fusion-column-wrapper fusion-flex-column-wrapper-legacy\" style=\"background-position:left top;background-repeat:no-repeat;-webkit-background-size:cover;-moz-background-size:cover;-o-background-size:cover;background-size:cover;padding: 0px 0px 0px 0px;\"><div class=\"fusion-text fusion-text-2\"><h1>Antrag zum Herunterladen<\/h1>\n<p>Das Antragsformular f\u00fcr eine Unterst\u00fctzung durch Helmut und Anna-Maria Wendelborn-Stiftung kann hier heruntergeladen und ausgedruckt werden:<\/p>\n<\/div><div class=\"fusion-button-wrapper\"><style>.fusion-body .fusion-button.button-1{border-radius:2px 2px 2px 2px;}<\/style><a class=\"fusion-button button-flat fusion-button-default-size button-default button-1 fusion-button-default-span fusion-button-default-type\" target=\"_self\" href=\"https:\/\/www.wendelborn-stiftung.de\/wp-content\/uploads\/2024\/12\/Antrag.pdf\"><span class=\"fusion-button-text\">Antragsformular als PDF<\/span><\/a><\/div><div class=\"fusion-clearfix\"><\/div><\/div><\/div><\/div><\/div>\n","protected":false},"excerpt":{"rendered":"","protected":false},"author":1,"featured_media":0,"parent":0,"menu_order":0,"comment_status":"closed","ping_status":"closed","template":"","meta":{"footnotes":""},"class_list":["post-11949","page","type-page","status-publish","hentry"],"_links":{"self":[{"href":"https:\/\/www.wendelborn-stiftung.de\/index.php?rest_route=\/wp\/v2\/pages\/11949","targetHints":{"allow":["GET"]}}],"collection":[{"href":"https:\/\/www.wendelborn-stiftung.de\/index.php?rest_route=\/wp\/v2\/pages"}],"about":[{"href":"https:\/\/www.wendelborn-stiftung.de\/index.php?rest_route=\/wp\/v2\/types\/page"}],"author":[{"embeddable":true,"href":"https:\/\/www.wendelborn-stiftung.de\/index.php?rest_route=\/wp\/v2\/users\/1"}],"replies":[{"embeddable":true,"href":"https:\/\/www.wendelborn-stiftung.de\/index.php?rest_route=%2Fwp%2Fv2%2Fcomments&post=11949"}],"version-history":[{"count":9,"href":"https:\/\/www.wendelborn-stiftung.de\/index.php?rest_route=\/wp\/v2\/pages\/11949\/revisions"}],"predecessor-version":[{"id":14189,"href":"https:\/\/www.wendelborn-stiftung.de\/index.php?rest_route=\/wp\/v2\/pages\/11949\/revisions\/14189"}],"wp:attachment":[{"href":"https:\/\/www.wendelborn-stiftung.de\/index.php?rest_route=%2Fwp%2Fv2%2Fmedia&parent=11949"}],"curies":[{"name":"wp","href":"https:\/\/api.w.org\/{rel}","templated":true}]}}