{"id":35,"date":"2012-07-31T02:06:57","date_gmt":"2012-07-31T02:06:57","guid":{"rendered":"https:\/\/avada.theme-fusion.com\/?page_id=35"},"modified":"2019-06-19T12:54:32","modified_gmt":"2019-06-19T10:54:32","slug":"home","status":"publish","type":"page","link":"https:\/\/www.wendelborn-stiftung.de\/","title":{"rendered":"Home"},"content":{"rendered":"<div class=\"fusion-fullwidth fullwidth-box fusion-builder-row-1 hundred-percent-fullwidth non-hundred-percent-height-scrolling\" style=\"background-color: #ffffff;background-position: center center;background-repeat: no-repeat;padding-top:0px;padding-right:0px;padding-bottom:0px;padding-left:0px;margin-bottom: 0px;margin-top: 0px;border-width: 0px 0px 0px 0px;border-color:#eae9e9;border-style:solid;\" ><div class=\"fusion-builder-row fusion-row\"><div class=\"fusion-layout-column fusion_builder_column fusion-builder-column-0 fusion_builder_column_1_3 1_3 fusion-one-third fusion-column-first\" style=\"width:33.333333333333%;width:calc(33.333333333333% - ( ( 4% + 4% ) * 0.33333333333333 ) );margin-right: 4%;margin-top:0px;margin-bottom:20px;\"><div class=\"fusion-column-wrapper fusion-flex-column-wrapper-legacy\" style=\"background-position:left top;background-repeat:no-repeat;-webkit-background-size:cover;-moz-background-size:cover;-o-background-size:cover;background-size:cover;padding: 0px 0px 0px 0px;\"><div class=\"fusion-text fusion-text-1\"><h1 style=\"text-align: center;\">Sport<\/h1>\n<\/div><div class=\"imageframe-align-center\"><span class=\" fusion-imageframe imageframe-none imageframe-1 hover-type-none\"><img loading=\"lazy\" decoding=\"async\" width=\"940\" height=\"600\" title=\"sport\" src=\"https:\/\/www.wendelborn-stiftung.de\/wp-content\/uploads\/2018\/07\/sport.jpg\" alt class=\"img-responsive wp-image-11982\" srcset=\"https:\/\/www.wendelborn-stiftung.de\/wp-content\/uploads\/2018\/07\/sport-200x128.jpg 200w, https:\/\/www.wendelborn-stiftung.de\/wp-content\/uploads\/2018\/07\/sport-400x255.jpg 400w, https:\/\/www.wendelborn-stiftung.de\/wp-content\/uploads\/2018\/07\/sport-600x383.jpg 600w, https:\/\/www.wendelborn-stiftung.de\/wp-content\/uploads\/2018\/07\/sport-800x511.jpg 800w, https:\/\/www.wendelborn-stiftung.de\/wp-content\/uploads\/2018\/07\/sport.jpg 940w\" sizes=\"auto, (max-width: 800px) 100vw, 400px\" \/><\/span><\/div><div class=\"fusion-sep-clear\"><\/div><div class=\"fusion-separator fusion-full-width-sep\" style=\"margin-left: auto;margin-right: auto;margin-top:20px;width:100%;\"><\/div><div class=\"fusion-sep-clear\"><\/div><div class=\"fusion-text fusion-text-2\"><p style=\"text-align: center;\">F\u00f6rderung von Sportaktivit\u00e4ten in Vereinen, Schulen und Jugendeinrichtungen.<\/p>\n<\/div><div class=\"fusion-clearfix\"><\/div><\/div><\/div><div class=\"fusion-layout-column fusion_builder_column fusion-builder-column-1 fusion_builder_column_1_3 1_3 fusion-one-third\" style=\"width:33.333333333333%;width:calc(33.333333333333% - ( ( 4% + 4% ) * 0.33333333333333 ) );margin-right: 4%;margin-top:0px;margin-bottom:20px;\"><div class=\"fusion-column-wrapper fusion-flex-column-wrapper-legacy\" style=\"background-position:left top;background-repeat:no-repeat;-webkit-background-size:cover;-moz-background-size:cover;-o-background-size:cover;background-size:cover;padding: 0px 0px 0px 0px;\"><div class=\"fusion-text fusion-text-3\"><h1 style=\"text-align: center;\">Bildung &amp; Erziehung<\/h1>\n<\/div><div class=\"imageframe-align-center\"><span class=\" fusion-imageframe imageframe-none imageframe-2 hover-type-none\"><img loading=\"lazy\" decoding=\"async\" width=\"940\" height=\"600\" title=\"bildung_erziehung\" src=\"https:\/\/www.wendelborn-stiftung.de\/wp-content\/uploads\/2018\/07\/bildung_erziehung.jpg\" alt class=\"img-responsive wp-image-11988\" srcset=\"https:\/\/www.wendelborn-stiftung.de\/wp-content\/uploads\/2018\/07\/bildung_erziehung-200x128.jpg 200w, https:\/\/www.wendelborn-stiftung.de\/wp-content\/uploads\/2018\/07\/bildung_erziehung-400x255.jpg 400w, https:\/\/www.wendelborn-stiftung.de\/wp-content\/uploads\/2018\/07\/bildung_erziehung-600x383.jpg 600w, https:\/\/www.wendelborn-stiftung.de\/wp-content\/uploads\/2018\/07\/bildung_erziehung-800x511.jpg 800w, https:\/\/www.wendelborn-stiftung.de\/wp-content\/uploads\/2018\/07\/bildung_erziehung.jpg 940w\" sizes=\"auto, (max-width: 800px) 100vw, 400px\" \/><\/span><\/div><div class=\"fusion-sep-clear\"><\/div><div class=\"fusion-separator fusion-full-width-sep\" style=\"margin-left: auto;margin-right: auto;margin-top:20px;width:100%;\"><\/div><div class=\"fusion-sep-clear\"><\/div><div class=\"fusion-text fusion-text-4\"><p style=\"text-align: center;\">F\u00f6rderung von Projekten an Schulen und Kindertagesst\u00e4tten.<\/p>\n<\/div><div class=\"fusion-clearfix\"><\/div><\/div><\/div><div class=\"fusion-layout-column fusion_builder_column fusion-builder-column-2 fusion_builder_column_1_3 1_3 fusion-one-third fusion-column-last\" style=\"width:33.333333333333%;width:calc(33.333333333333% - ( ( 4% + 4% ) * 0.33333333333333 ) );margin-top:0px;margin-bottom:20px;\"><div class=\"fusion-column-wrapper fusion-flex-column-wrapper-legacy\" style=\"background-position:left top;background-repeat:no-repeat;-webkit-background-size:cover;-moz-background-size:cover;-o-background-size:cover;background-size:cover;padding: 0px 0px 0px 0px;\"><div class=\"fusion-text fusion-text-5\"><h1 style=\"text-align: center;\">Jugendhilfe<\/h1>\n<\/div><div class=\"imageframe-align-center\"><span class=\" fusion-imageframe imageframe-none imageframe-3 hover-type-none\"><img loading=\"lazy\" decoding=\"async\" width=\"940\" height=\"600\" title=\"jugendhilfe\" src=\"https:\/\/www.wendelborn-stiftung.de\/wp-content\/uploads\/2018\/07\/jugendhilfe.jpg\" alt class=\"img-responsive wp-image-11991\" srcset=\"https:\/\/www.wendelborn-stiftung.de\/wp-content\/uploads\/2018\/07\/jugendhilfe-200x128.jpg 200w, https:\/\/www.wendelborn-stiftung.de\/wp-content\/uploads\/2018\/07\/jugendhilfe-400x255.jpg 400w, https:\/\/www.wendelborn-stiftung.de\/wp-content\/uploads\/2018\/07\/jugendhilfe-600x383.jpg 600w, https:\/\/www.wendelborn-stiftung.de\/wp-content\/uploads\/2018\/07\/jugendhilfe-800x511.jpg 800w, https:\/\/www.wendelborn-stiftung.de\/wp-content\/uploads\/2018\/07\/jugendhilfe.jpg 940w\" sizes=\"auto, (max-width: 800px) 100vw, 400px\" \/><\/span><\/div><div class=\"fusion-sep-clear\"><\/div><div class=\"fusion-separator fusion-full-width-sep\" style=\"margin-left: auto;margin-right: auto;margin-top:20px;width:100%;\"><\/div><div class=\"fusion-sep-clear\"><\/div><div class=\"fusion-text fusion-text-6\"><p style=\"text-align: center;\">F\u00f6rderung von Projekten mit Kindern und Jugendlichen.<\/p>\n<\/div><div class=\"fusion-clearfix\"><\/div><\/div><\/div><div class=\"fusion-layout-column fusion_builder_column fusion-builder-column-3 fusion_builder_column_1_1 1_1 fusion-one-full fusion-column-first fusion-column-last fusion-column-no-min-height\" style=\"margin-top:0px;margin-bottom:0px;\"><div class=\"fusion-column-wrapper fusion-flex-column-wrapper-legacy\" style=\"background-position:left top;background-repeat:no-repeat;-webkit-background-size:cover;-moz-background-size:cover;-o-background-size:cover;background-size:cover;padding: 0px 0px 0px 0px;\"><div class=\"fusion-sep-clear\"><\/div><div class=\"fusion-separator fusion-full-width-sep\" style=\"margin-left: auto;margin-right: auto;margin-top:25px;width:100%;\"><div class=\"fusion-separator-border sep-shadow\" style=\"background:radial-gradient(ellipse at 50% -50% , #e0dede 0px, rgba(255, 255, 255, 0) 80%) repeat scroll 0 0 rgba(0, 0, 0, 0);background:-webkit-radial-gradient(ellipse at 50% -50% , #e0dede 0px, rgba(255, 255, 255, 0) 80%) repeat scroll 0 0 rgba(0, 0, 0, 0);background:-moz-radial-gradient(ellipse at 50% -50% , #e0dede 0px, rgba(255, 255, 255, 0) 80%) repeat scroll 0 0 rgba(0, 0, 0, 0);background:-o-radial-gradient(ellipse at 50% -50% , #e0dede 0px, rgba(255, 255, 255, 0) 80%) repeat scroll 0 0 rgba(0, 0, 0, 0);\"><\/div><\/div><div class=\"fusion-sep-clear\"><\/div><div class=\"fusion-text fusion-text-7\"><div align=\"center\">\n<div id=\"attachment_11972\" style=\"width: 255px\" class=\"wp-caption alignright\"><img loading=\"lazy\" decoding=\"async\" aria-describedby=\"caption-attachment-11972\" class=\"wp-image-11972\" src=\"https:\/\/www.wendelborn-stiftung.de\/wp-content\/uploads\/2018\/07\/Anna_Maria_Wendelborn.png\" alt=\"\" width=\"245\" height=\"252\" srcset=\"https:\/\/www.wendelborn-stiftung.de\/wp-content\/uploads\/2018\/07\/Anna_Maria_Wendelborn-200x206.png 200w, https:\/\/www.wendelborn-stiftung.de\/wp-content\/uploads\/2018\/07\/Anna_Maria_Wendelborn-292x300.png 292w, https:\/\/www.wendelborn-stiftung.de\/wp-content\/uploads\/2018\/07\/Anna_Maria_Wendelborn.png 356w\" sizes=\"auto, (max-width: 245px) 100vw, 245px\" \/><p id=\"caption-attachment-11972\" class=\"wp-caption-text\">\u2020 26.12.2018<\/p><\/div><\/p>\n<h1 class=\"navitext\">Helmut und Anna-Maria Wendelborn-Stiftung<\/h1>\n<p class=\"navitext\">Ich errichte diese Stiftung aus Dankbarkeit f\u00fcr ein erfolgreiches und gl\u00fcckliches Leben und zur Erinnerung daran, dass mein Mann Helmut Wendelborn und ich mit harter Arbeit und durch gl\u00fcckliche Umst\u00e4nde etwas geschaffen haben.<\/p>\n<p>Ich gebe damit der Gesellschaft den Teil zur\u00fcck, den ich ihr verdanke.<br \/>\nM\u00f6gen auch k\u00fcnftige Generationen sich dessen stets verantwortungsvoll bewusst sein.<\/p>\n<p>Sie sind aufgerufen, diese Stiftung k\u00fcnftig zu begleiten, zu erhalten und wenn m\u00f6glich auch auszubauen.<\/p>\n<p class=\"navitext\"><strong><em>Anna-Maria Wendelborn<\/em><\/strong><\/p>\n<\/div>\n<\/div><div class=\"fusion-clearfix\"><\/div><\/div><\/div><\/div><style type=\"text\/css\">.fusion-fullwidth.fusion-builder-row-1 { overflow:visible; }<\/style><\/div>\n","protected":false},"excerpt":{"rendered":"","protected":false},"author":1,"featured_media":0,"parent":0,"menu_order":0,"comment_status":"open","ping_status":"open","template":"","meta":{"footnotes":""},"class_list":["post-35","page","type-page","status-publish","hentry"],"_links":{"self":[{"href":"https:\/\/www.wendelborn-stiftung.de\/index.php?rest_route=\/wp\/v2\/pages\/35","targetHints":{"allow":["GET"]}}],"collection":[{"href":"https:\/\/www.wendelborn-stiftung.de\/index.php?rest_route=\/wp\/v2\/pages"}],"about":[{"href":"https:\/\/www.wendelborn-stiftung.de\/index.php?rest_route=\/wp\/v2\/types\/page"}],"author":[{"embeddable":true,"href":"https:\/\/www.wendelborn-stiftung.de\/index.php?rest_route=\/wp\/v2\/users\/1"}],"replies":[{"embeddable":true,"href":"https:\/\/www.wendelborn-stiftung.de\/index.php?rest_route=%2Fwp%2Fv2%2Fcomments&post=35"}],"version-history":[{"count":38,"href":"https:\/\/www.wendelborn-stiftung.de\/index.php?rest_route=\/wp\/v2\/pages\/35\/revisions"}],"predecessor-version":[{"id":11966,"href":"https:\/\/www.wendelborn-stiftung.de\/index.php?rest_route=\/wp\/v2\/pages\/35\/revisions\/11966"}],"wp:attachment":[{"href":"https:\/\/www.wendelborn-stiftung.de\/index.php?rest_route=%2Fwp%2Fv2%2Fmedia&parent=35"}],"curies":[{"name":"wp","href":"https:\/\/api.w.org\/{rel}","templated":true}]}}